
{"id":66548,"date":"2023-02-17T19:53:38","date_gmt":"2023-02-17T18:53:38","guid":{"rendered":"https:\/\/whiskycenter.com\/product\/heffron-panama-premium-10-jahre-alter-rum\/"},"modified":"2025-10-28T21:17:47","modified_gmt":"2025-10-28T20:17:47","slug":"heffron-panama-premium-10-jahre-alter-rum","status":"publish","type":"product","link":"https:\/\/whiskycenter.com\/de\/produkt\/heffron-panama-premium-10-jahre-alter-rum\/","title":{"rendered":"Heffron Panama Premium 10 Jahre alter Rum"},"content":{"rendered":"<p><strong>Heffron 10YO Rum<\/strong>, eine Premium-Auswahl aus Panama, zeichnet sich durch folgende Merkmale aus:<\/p>\n<ul>\n<li><strong>Farbe<\/strong>: satte, tief bernsteinfarbene Nuance<\/li>\n<li><strong>Nase:<\/strong> komplexes Bouquet aus Vanille, Karamell, ger\u00f6stetem Eichenholz, Trockenfr\u00fcchten, Schokolade und einer Mischung exotischer Gew\u00fcrze<\/li>\n<li><strong>Geschmack<\/strong>: ausgewogener Mix aus Vanille, Karamell, ger\u00f6stetem Eichenholz, Trockenfr\u00fcchten, Schokolade und exotischen Gew\u00fcrzen; die unterschiedliche Fassreifung verleiht vielschichtige Komplexit\u00e4t<\/li>\n<li><strong>Flasche<\/strong>: in der charakteristischen Heffron-Flasche mit Schraubverschluss pr\u00e4sentiert<\/li>\n<li><strong>Reifung:<\/strong> 10 Jahre in einer Auswahl von F\u00e4ssern gereift, in denen zuvor Sherry, Bourbon und Cognac lagerten<\/li>\n<\/ul>\n<p>Serviervorschlag: bei Zimmertemperatur in ein Tulpenkelchglas gie\u00dfen, damit sich das volle Aroma entfaltet; in Ruhe genie\u00dfen und jeden Schluck auskosten <\/p>\n<p>&nbsp;<\/p>\n","protected":false},"excerpt":{"rendered":"<p class=\"ai-optimize-14\">Jeder Tropfen HEFFRON 10YO Rum reifte zehn Jahre lang in ausgew\u00e4hlten F\u00e4ssern, die zuvor Sherry, Bourbon und Cognac enthielten. Jedes Fass hatte ausreichend Zeit, seine Einzigartigkeit in den Rum einzubringen. Die Komposition ist ein Meisterwerk mit einer perfekt ausbalancierten Palette an Geschmacksnuancen und Aromen. <\/p>\n<p class=\"ai-optimize-15\">Am besten entdeckt man alle Nuancen, wenn man den Rum bei Zimmertemperatur aus einem Tulpenkelchglas genie\u00dft. Der Rum wurde exklusiv f\u00fcr Heffron von Blendmaster Francisco Fern\u00e1ndez in der Partnerbrennerei Green Tree Distillery in Panama kreiert. <\/p>\n","protected":false},"featured_media":64923,"comment_status":"open","ping_status":"closed","template":"","meta":[],"wpc-attribute-group":[],"product_brand":[],"product_cat":[4764,5098],"product_tag":[],"berocket_brand":[4810,5028],"class_list":{"0":"post-66548","1":"product","2":"type-product","3":"status-publish","4":"has-post-thumbnail","6":"product_cat-heffron-rum-spirits-de","7":"product_cat-rum-de","8":"pa_aeging-10-de","9":"pa_alcohol-percentage-40-de","10":"pa_category-rum-gereifter-rum-de","11":"pa_country_of_origin-rest-der-welt","12":"pa_producer-green-tree-brennerei","13":"pa_product-type-rum-de","14":"pa_spirit-type-rum-de","15":"pa_unit_pricing_base_measure-700-ml-de","16":"berocket_brand-green-tree-distillery-de","17":"berocket_brand-heffron-rum-de","19":"first","20":"instock","21":"taxable","22":"shipping-taxable","23":"purchasable","24":"product-type-simple"},"yoast_head":"<!-- This site is optimized with the Yoast SEO Premium plugin v27.5 (Yoast SEO v27.5) - https:\/\/yoast.com\/product\/yoast-seo-premium-wordpress\/ -->\n<title>Heffron Panama Premium 10 Jahre alter Rum - Whisky Center<\/title>\n<meta name=\"description\" content=\"Jeder Tropfen Heffron 10YO Panama Rum reifte zehn Jahre lang in sorgf\u00e4ltig ausgew\u00e4hlten F\u00e4ssern, die zuvor Sherry, Bourbon und Cognac enthielten....\" \/>\n<meta name=\"robots\" content=\"index, follow, max-snippet:-1, max-image-preview:large, max-video-preview:-1\" \/>\n<link rel=\"canonical\" href=\"https:\/\/whiskycenter.com\/de\/produkt\/heffron-panama-premium-10-jahre-alter-rum\/\" \/>\n<meta property=\"og:locale\" content=\"de_DE\" \/>\n<meta property=\"og:type\" content=\"article\" \/>\n<meta property=\"og:title\" content=\"Heffron Panama Premium 10 Jahre alter Rum - Whisky Center\" \/>\n<meta property=\"og:description\" content=\"Jeder Tropfen Heffron 10YO Panama Rum reifte zehn Jahre lang in sorgf\u00e4ltig ausgew\u00e4hlten F\u00e4ssern, die zuvor Sherry, Bourbon und Cognac enthielten....\" \/>\n<meta property=\"og:url\" content=\"https:\/\/whiskycenter.com\/de\/produkt\/heffron-panama-premium-10-jahre-alter-rum\/\" \/>\n<meta property=\"og:site_name\" content=\"Whisky Center\" \/>\n<meta property=\"article:publisher\" content=\"https:\/\/www.facebook.com\/whiskycenter\/\" \/>\n<meta property=\"article:modified_time\" content=\"2025-10-28T20:17:47+00:00\" \/>\n<meta property=\"og:image\" content=\"https:\/\/i0.wp.com\/whiskycenter.com\/wp-content\/uploads\/2023\/02\/heffron-10y-400x400-1.png?fit=400%2C400&ssl=1\" \/>\n\t<meta property=\"og:image:width\" content=\"400\" \/>\n\t<meta property=\"og:image:height\" content=\"400\" \/>\n\t<meta property=\"og:image:type\" content=\"image\/png\" \/>\n<meta name=\"twitter:card\" content=\"summary_large_image\" \/>\n<meta name=\"twitter:site\" content=\"@whiskycenter\" \/>\n<meta name=\"twitter:label1\" content=\"Gesch\u00e4tzte Lesezeit\" \/>\n\t<meta name=\"twitter:data1\" content=\"1\u00a0Minute\" \/>\n<script type=\"application\/ld+json\" class=\"yoast-schema-graph\">{\"@context\":\"https:\\\/\\\/schema.org\",\"@graph\":[{\"@type\":[\"WebPage\",\"ItemPage\"],\"@id\":\"https:\\\/\\\/whiskycenter.com\\\/de\\\/produkt\\\/heffron-panama-premium-10-jahre-alter-rum\\\/\",\"url\":\"https:\\\/\\\/whiskycenter.com\\\/de\\\/produkt\\\/heffron-panama-premium-10-jahre-alter-rum\\\/\",\"name\":\"Heffron Panama Premium 10 Jahre alter Rum - Whisky Center\",\"isPartOf\":{\"@id\":\"https:\\\/\\\/whiskycenter.com\\\/de\\\/#website\"},\"primaryImageOfPage\":{\"@id\":\"https:\\\/\\\/whiskycenter.com\\\/de\\\/produkt\\\/heffron-panama-premium-10-jahre-alter-rum\\\/#primaryimage\"},\"image\":{\"@id\":\"https:\\\/\\\/whiskycenter.com\\\/de\\\/produkt\\\/heffron-panama-premium-10-jahre-alter-rum\\\/#primaryimage\"},\"thumbnailUrl\":\"https:\\\/\\\/whiskycenter.com\\\/wp-content\\\/uploads\\\/2023\\\/02\\\/heffron-10y-400x400-1.png\",\"datePublished\":\"2023-02-17T18:53:38+00:00\",\"dateModified\":\"2025-10-28T20:17:47+00:00\",\"description\":\"Jeder Tropfen Heffron 10YO Panama Rum reifte zehn Jahre lang in sorgf\u00e4ltig ausgew\u00e4hlten F\u00e4ssern, die zuvor Sherry, Bourbon und Cognac enthielten....\",\"breadcrumb\":{\"@id\":\"https:\\\/\\\/whiskycenter.com\\\/de\\\/produkt\\\/heffron-panama-premium-10-jahre-alter-rum\\\/#breadcrumb\"},\"inLanguage\":\"de\",\"potentialAction\":[{\"@type\":\"ReadAction\",\"target\":[\"https:\\\/\\\/whiskycenter.com\\\/de\\\/produkt\\\/heffron-panama-premium-10-jahre-alter-rum\\\/\"]}]},{\"@type\":\"ImageObject\",\"inLanguage\":\"de\",\"@id\":\"https:\\\/\\\/whiskycenter.com\\\/de\\\/produkt\\\/heffron-panama-premium-10-jahre-alter-rum\\\/#primaryimage\",\"url\":\"https:\\\/\\\/whiskycenter.com\\\/wp-content\\\/uploads\\\/2023\\\/02\\\/heffron-10y-400x400-1.png\",\"contentUrl\":\"https:\\\/\\\/whiskycenter.com\\\/wp-content\\\/uploads\\\/2023\\\/02\\\/heffron-10y-400x400-1.png\",\"width\":400,\"height\":400,\"caption\":\"Heffron 10YO Panama Rum - Whisky Center\"},{\"@type\":\"BreadcrumbList\",\"@id\":\"https:\\\/\\\/whiskycenter.com\\\/de\\\/produkt\\\/heffron-panama-premium-10-jahre-alter-rum\\\/#breadcrumb\",\"itemListElement\":[{\"@type\":\"ListItem\",\"position\":1,\"name\":\"Homepage\",\"item\":\"https:\\\/\\\/whiskycenter.com\\\/de\\\/whisky-center-ihr-online-shop-fuer-premium-whiskys-aus-aller-welt\\\/\"},{\"@type\":\"ListItem\",\"position\":2,\"name\":\"webshop | Whisky Center\",\"item\":\"https:\\\/\\\/whiskycenter.com\\\/webshop-whisky-center\\\/\"},{\"@type\":\"ListItem\",\"position\":3,\"name\":\"Heffron Panama Premium 10 Jahre alter Rum\"}]},{\"@type\":\"WebSite\",\"@id\":\"https:\\\/\\\/whiskycenter.com\\\/de\\\/#website\",\"url\":\"https:\\\/\\\/whiskycenter.com\\\/de\\\/\",\"name\":\"Whisky Center\",\"description\":\"Welcome to Whisky Center\",\"publisher\":{\"@id\":\"https:\\\/\\\/whiskycenter.com\\\/de\\\/#organization\"},\"alternateName\":\"Whiskycenter.com\",\"potentialAction\":[{\"@type\":\"SearchAction\",\"target\":{\"@type\":\"EntryPoint\",\"urlTemplate\":\"https:\\\/\\\/whiskycenter.com\\\/de\\\/?s={search_term_string}\"},\"query-input\":{\"@type\":\"PropertyValueSpecification\",\"valueRequired\":true,\"valueName\":\"search_term_string\"}}],\"inLanguage\":\"de\"},{\"@type\":\"Organization\",\"@id\":\"https:\\\/\\\/whiskycenter.com\\\/de\\\/#organization\",\"name\":\"Whisky Center\",\"alternateName\":\"whiskycenter.com\",\"url\":\"https:\\\/\\\/whiskycenter.com\\\/de\\\/\",\"logo\":{\"@type\":\"ImageObject\",\"inLanguage\":\"de\",\"@id\":\"https:\\\/\\\/whiskycenter.com\\\/de\\\/#\\\/schema\\\/logo\\\/image\\\/\",\"url\":\"https:\\\/\\\/whiskycenter.com\\\/wp-content\\\/uploads\\\/2025\\\/01\\\/WhiskyCenterRoundColour_-1-2-e1744803331524.jpg\",\"contentUrl\":\"https:\\\/\\\/whiskycenter.com\\\/wp-content\\\/uploads\\\/2025\\\/01\\\/WhiskyCenterRoundColour_-1-2-e1744803331524.jpg\",\"width\":150,\"height\":150,\"caption\":\"Whisky Center\"},\"image\":{\"@id\":\"https:\\\/\\\/whiskycenter.com\\\/de\\\/#\\\/schema\\\/logo\\\/image\\\/\"},\"sameAs\":[\"https:\\\/\\\/www.facebook.com\\\/whiskycenter\\\/\",\"https:\\\/\\\/x.com\\\/whiskycenter\",\"https:\\\/\\\/www.instagram.com\\\/whiskycenter\\\/\",\"https:\\\/\\\/www.youtube.com\\\/@WhiskyCenter\"],\"description\":\"Premium Whiskies from Around the World About us at Whisky Center, we engage in the purchase and sale of Whisky. For many decades, we\u2019ve been relishing whisk(e)y, procuring, pouring, tasting, consuming, and amassing whiskies from every corner of the globe - as far as the eye can see - for both you and us. We extend an invitation for you to accompany us on this unending journey.\",\"email\":\"info@whiskycenter.com\",\"telephone\":\"0621695497\",\"legalName\":\"Keyservice B.V.\",\"foundingDate\":\"2020-01-01\",\"vatID\":\"NL813564992B01\",\"taxID\":\"813564992\",\"numberOfEmployees\":{\"@type\":\"QuantitativeValue\",\"minValue\":\"1\",\"maxValue\":\"10\"},\"publishingPrinciples\":\"https:\\\/\\\/whiskycenter.com\\\/whisky-blog\\\/\"}]}<\/script>\n<!-- \/ Yoast SEO Premium plugin. -->","yoast_head_json":{"title":"Heffron Panama Premium 10 Jahre alter Rum - Whisky Center","description":"Jeder Tropfen Heffron 10YO Panama Rum reifte zehn Jahre lang in sorgf\u00e4ltig ausgew\u00e4hlten F\u00e4ssern, die zuvor Sherry, Bourbon und Cognac enthielten....","robots":{"index":"index","follow":"follow","max-snippet":"max-snippet:-1","max-image-preview":"max-image-preview:large","max-video-preview":"max-video-preview:-1"},"canonical":"https:\/\/whiskycenter.com\/de\/produkt\/heffron-panama-premium-10-jahre-alter-rum\/","og_locale":"de_DE","og_type":"article","og_title":"Heffron Panama Premium 10 Jahre alter Rum - Whisky Center","og_description":"Jeder Tropfen Heffron 10YO Panama Rum reifte zehn Jahre lang in sorgf\u00e4ltig ausgew\u00e4hlten F\u00e4ssern, die zuvor Sherry, Bourbon und Cognac enthielten....","og_url":"https:\/\/whiskycenter.com\/de\/produkt\/heffron-panama-premium-10-jahre-alter-rum\/","og_site_name":"Whisky Center","article_publisher":"https:\/\/www.facebook.com\/whiskycenter\/","article_modified_time":"2025-10-28T20:17:47+00:00","og_image":[{"width":400,"height":400,"url":"https:\/\/i0.wp.com\/whiskycenter.com\/wp-content\/uploads\/2023\/02\/heffron-10y-400x400-1.png?fit=400%2C400&ssl=1","type":"image\/png"}],"twitter_card":"summary_large_image","twitter_site":"@whiskycenter","twitter_misc":{"Gesch\u00e4tzte Lesezeit":"1\u00a0Minute"},"schema":{"@context":"https:\/\/schema.org","@graph":[{"@type":["WebPage","ItemPage"],"@id":"https:\/\/whiskycenter.com\/de\/produkt\/heffron-panama-premium-10-jahre-alter-rum\/","url":"https:\/\/whiskycenter.com\/de\/produkt\/heffron-panama-premium-10-jahre-alter-rum\/","name":"Heffron Panama Premium 10 Jahre alter Rum - Whisky Center","isPartOf":{"@id":"https:\/\/whiskycenter.com\/de\/#website"},"primaryImageOfPage":{"@id":"https:\/\/whiskycenter.com\/de\/produkt\/heffron-panama-premium-10-jahre-alter-rum\/#primaryimage"},"image":{"@id":"https:\/\/whiskycenter.com\/de\/produkt\/heffron-panama-premium-10-jahre-alter-rum\/#primaryimage"},"thumbnailUrl":"https:\/\/whiskycenter.com\/wp-content\/uploads\/2023\/02\/heffron-10y-400x400-1.png","datePublished":"2023-02-17T18:53:38+00:00","dateModified":"2025-10-28T20:17:47+00:00","description":"Jeder Tropfen Heffron 10YO Panama Rum reifte zehn Jahre lang in sorgf\u00e4ltig ausgew\u00e4hlten F\u00e4ssern, die zuvor Sherry, Bourbon und Cognac enthielten....","breadcrumb":{"@id":"https:\/\/whiskycenter.com\/de\/produkt\/heffron-panama-premium-10-jahre-alter-rum\/#breadcrumb"},"inLanguage":"de","potentialAction":[{"@type":"ReadAction","target":["https:\/\/whiskycenter.com\/de\/produkt\/heffron-panama-premium-10-jahre-alter-rum\/"]}]},{"@type":"ImageObject","inLanguage":"de","@id":"https:\/\/whiskycenter.com\/de\/produkt\/heffron-panama-premium-10-jahre-alter-rum\/#primaryimage","url":"https:\/\/whiskycenter.com\/wp-content\/uploads\/2023\/02\/heffron-10y-400x400-1.png","contentUrl":"https:\/\/whiskycenter.com\/wp-content\/uploads\/2023\/02\/heffron-10y-400x400-1.png","width":400,"height":400,"caption":"Heffron 10YO Panama Rum - Whisky Center"},{"@type":"BreadcrumbList","@id":"https:\/\/whiskycenter.com\/de\/produkt\/heffron-panama-premium-10-jahre-alter-rum\/#breadcrumb","itemListElement":[{"@type":"ListItem","position":1,"name":"Homepage","item":"https:\/\/whiskycenter.com\/de\/whisky-center-ihr-online-shop-fuer-premium-whiskys-aus-aller-welt\/"},{"@type":"ListItem","position":2,"name":"webshop | Whisky Center","item":"https:\/\/whiskycenter.com\/webshop-whisky-center\/"},{"@type":"ListItem","position":3,"name":"Heffron Panama Premium 10 Jahre alter Rum"}]},{"@type":"WebSite","@id":"https:\/\/whiskycenter.com\/de\/#website","url":"https:\/\/whiskycenter.com\/de\/","name":"Whisky Center","description":"Welcome to Whisky Center","publisher":{"@id":"https:\/\/whiskycenter.com\/de\/#organization"},"alternateName":"Whiskycenter.com","potentialAction":[{"@type":"SearchAction","target":{"@type":"EntryPoint","urlTemplate":"https:\/\/whiskycenter.com\/de\/?s={search_term_string}"},"query-input":{"@type":"PropertyValueSpecification","valueRequired":true,"valueName":"search_term_string"}}],"inLanguage":"de"},{"@type":"Organization","@id":"https:\/\/whiskycenter.com\/de\/#organization","name":"Whisky Center","alternateName":"whiskycenter.com","url":"https:\/\/whiskycenter.com\/de\/","logo":{"@type":"ImageObject","inLanguage":"de","@id":"https:\/\/whiskycenter.com\/de\/#\/schema\/logo\/image\/","url":"https:\/\/whiskycenter.com\/wp-content\/uploads\/2025\/01\/WhiskyCenterRoundColour_-1-2-e1744803331524.jpg","contentUrl":"https:\/\/whiskycenter.com\/wp-content\/uploads\/2025\/01\/WhiskyCenterRoundColour_-1-2-e1744803331524.jpg","width":150,"height":150,"caption":"Whisky Center"},"image":{"@id":"https:\/\/whiskycenter.com\/de\/#\/schema\/logo\/image\/"},"sameAs":["https:\/\/www.facebook.com\/whiskycenter\/","https:\/\/x.com\/whiskycenter","https:\/\/www.instagram.com\/whiskycenter\/","https:\/\/www.youtube.com\/@WhiskyCenter"],"description":"Premium Whiskies from Around the World About us at Whisky Center, we engage in the purchase and sale of Whisky. For many decades, we\u2019ve been relishing whisk(e)y, procuring, pouring, tasting, consuming, and amassing whiskies from every corner of the globe - as far as the eye can see - for both you and us. We extend an invitation for you to accompany us on this unending journey.","email":"info@whiskycenter.com","telephone":"0621695497","legalName":"Keyservice B.V.","foundingDate":"2020-01-01","vatID":"NL813564992B01","taxID":"813564992","numberOfEmployees":{"@type":"QuantitativeValue","minValue":"1","maxValue":"10"},"publishingPrinciples":"https:\/\/whiskycenter.com\/whisky-blog\/"}]}},"_links":{"self":[{"href":"https:\/\/whiskycenter.com\/de\/wp-json\/wp\/v2\/product\/66548","targetHints":{"allow":["GET"]}}],"collection":[{"href":"https:\/\/whiskycenter.com\/de\/wp-json\/wp\/v2\/product"}],"about":[{"href":"https:\/\/whiskycenter.com\/de\/wp-json\/wp\/v2\/types\/product"}],"replies":[{"embeddable":true,"href":"https:\/\/whiskycenter.com\/de\/wp-json\/wp\/v2\/comments?post=66548"}],"wp:featuredmedia":[{"embeddable":true,"href":"https:\/\/whiskycenter.com\/de\/wp-json\/wp\/v2\/media\/64923"}],"wp:attachment":[{"href":"https:\/\/whiskycenter.com\/de\/wp-json\/wp\/v2\/media?parent=66548"}],"wp:term":[{"taxonomy":"wpc-attribute-group","embeddable":true,"href":"https:\/\/whiskycenter.com\/de\/wp-json\/wp\/v2\/wpc-attribute-group?post=66548"},{"taxonomy":"product_brand","embeddable":true,"href":"https:\/\/whiskycenter.com\/de\/wp-json\/wp\/v2\/product_brand?post=66548"},{"taxonomy":"product_cat","embeddable":true,"href":"https:\/\/whiskycenter.com\/de\/wp-json\/wp\/v2\/product_cat?post=66548"},{"taxonomy":"product_tag","embeddable":true,"href":"https:\/\/whiskycenter.com\/de\/wp-json\/wp\/v2\/product_tag?post=66548"},{"taxonomy":"berocket_brand","embeddable":true,"href":"https:\/\/whiskycenter.com\/de\/wp-json\/wp\/v2\/berocket_brand?post=66548"}],"curies":[{"name":"wp","href":"https:\/\/api.w.org\/{rel}","templated":true}]}}