
{"id":67835,"date":"2025-07-12T11:00:01","date_gmt":"2025-07-12T09:00:01","guid":{"rendered":"https:\/\/whiskycenter.com\/product\/hyde-no-5-the-aras-cask\/"},"modified":"2025-07-21T17:03:40","modified_gmt":"2025-07-21T15:03:40","slug":"hyde-no-5-the-aras-cask","status":"publish","type":"product","link":"https:\/\/whiskycenter.com\/de\/produkt\/hyde-no-5-the-aras-cask\/","title":{"rendered":"Hyde No. 5 The \u00c1ras Cask"},"content":{"rendered":"<p><strong>Verkostungsnotizen: Hyde No. 5 The \u00c1ras Cask \u2013 6 Jahre alter Single Grain Irish Whiskey, Burgundy-Fass-Finish<\/strong><\/p>\n<ul>\n<li><strong>Nase<\/strong>: Verf\u00fchrerisch nach Erdbeeren, Kirschen, braunem Zucker, Vanilleschote und ger\u00f6stetem Eichenholz.<\/li>\n<li><strong>Gaumen<\/strong>: Samtig mit Noten von Vanillepudding, roten Fr\u00fcchten, Orangenbl\u00fctenhonig und Gew\u00fcrzen.<\/li>\n<li><strong>Abgang<\/strong>: Langanhaltend mit reifen Pflaumen, Mokka und dezenten Tanninen.<\/li>\n<\/ul>\n","protected":false},"excerpt":{"rendered":"<p><strong>Hyde No. 5 The \u00c1ras Cask<\/strong> ist eine Limited Edition, dreifach destillierter Single Grain Irish Whiskey aus 100 % Mais, destilliert in traditionellen Coffey-Kupfers\u00e4ulen. Er reift sechs Jahre in flame-charred First-Fill Ex-Bourbon-F\u00e4ssern und erh\u00e4lt anschlie\u00dfend ein sechsmonatiges Finish in 200 L franz\u00f6sischen Burgundy (Pinot Noir) Weinf\u00e4ssern aus der C\u00f4te d\u2019Or. Abgef\u00fcllt mit 46 % ABV ohne K\u00fchlfiltration, besticht diese Abf\u00fcllung durch eine intensive rubinrote Farbe und ein komplexes Zusammenspiel roter Fr\u00fcchte, Eichengew\u00fcrz und cremiger Vanille.<\/p>\n<h2 class=\"alt-font\">6 Jahre alter Single Grain Irish Whiskey, Burgundy-Fass-Finish<\/h2>\n","protected":false},"featured_media":67858,"comment_status":"open","ping_status":"closed","template":"","meta":[],"wpc-attribute-group":[],"product_brand":[],"product_cat":[4691,4879,5095],"product_tag":[4692],"berocket_brand":[4684],"class_list":{"0":"post-67835","1":"product","2":"type-product","3":"status-publish","4":"has-post-thumbnail","6":"product_cat-hyde-irish-whiskey-de","7":"product_cat-burgundy-fass","8":"product_cat-whiskey-de","9":"product_tag-aras-cask-de","10":"pa_aeging-6-de","11":"pa_alcohol-percentage-46-de","12":"pa_country_of_origin-irland","13":"pa_producer-hibernia-brennerei-hyde","14":"pa_product-type-whiskey-de","15":"pa_spirit-type-whisky-de","16":"pa_unit_pricing_base_measure-700-ml-de","17":"pa_website-product-type-flasche","18":"pa_whiskey-category-single-grain-de","19":"berocket_brand-hyde-irish-whiskey-de","21":"first","22":"instock","23":"taxable","24":"shipping-taxable","25":"purchasable","26":"product-type-simple"},"yoast_head":"<!-- This site is optimized with the Yoast SEO Premium plugin v27.5 (Yoast SEO v27.5) - https:\/\/yoast.com\/product\/yoast-seo-premium-wordpress\/ -->\n<title>Hyde No. 5 The \u00c1ras Cask - Whisky Center<\/title>\n<meta name=\"description\" content=\"Erleben Sie Hyde No. 5 The \u00c1ras Cask: 6 Jahre gereifter Single Grain Irish Whiskey mit 6-monatigigem Burgundy-Fass-Finish. Reich an roten Fr\u00fcchten, Gew\u00fcrzen\" \/>\n<meta name=\"robots\" content=\"index, follow, max-snippet:-1, max-image-preview:large, max-video-preview:-1\" \/>\n<link rel=\"canonical\" href=\"https:\/\/whiskycenter.com\/de\/produkt\/hyde-no-5-the-aras-cask\/\" \/>\n<meta property=\"og:locale\" content=\"de_DE\" \/>\n<meta property=\"og:type\" content=\"article\" \/>\n<meta property=\"og:title\" content=\"Hyde No. 5 The \u00c1ras Cask - Whisky Center\" \/>\n<meta property=\"og:description\" content=\"Erleben Sie Hyde No. 5 The \u00c1ras Cask: 6 Jahre gereifter Single Grain Irish Whiskey mit 6-monatigigem Burgundy-Fass-Finish. Reich an roten Fr\u00fcchten, Gew\u00fcrzen\" \/>\n<meta property=\"og:url\" content=\"https:\/\/whiskycenter.com\/de\/produkt\/hyde-no-5-the-aras-cask\/\" \/>\n<meta property=\"og:site_name\" content=\"Whisky Center\" \/>\n<meta property=\"article:publisher\" content=\"https:\/\/www.facebook.com\/whiskycenter\/\" \/>\n<meta property=\"article:modified_time\" content=\"2025-07-21T15:03:40+00:00\" \/>\n<meta property=\"og:image\" content=\"https:\/\/whiskycenter.com\/wp-content\/uploads\/2025\/07\/04_OurWhiskey_No5-e1752360894933.png\" \/>\n\t<meta property=\"og:image:width\" content=\"1024\" \/>\n\t<meta property=\"og:image:height\" content=\"1024\" \/>\n\t<meta property=\"og:image:type\" content=\"image\/png\" \/>\n<meta name=\"twitter:card\" content=\"summary_large_image\" \/>\n<meta name=\"twitter:site\" content=\"@whiskycenter\" \/>\n<meta name=\"twitter:label1\" content=\"Gesch\u00e4tzte Lesezeit\" \/>\n\t<meta name=\"twitter:data1\" content=\"1\u00a0Minute\" \/>\n<script type=\"application\/ld+json\" class=\"yoast-schema-graph\">{\"@context\":\"https:\\\/\\\/schema.org\",\"@graph\":[{\"@type\":[\"WebPage\",\"ItemPage\"],\"@id\":\"https:\\\/\\\/whiskycenter.com\\\/de\\\/produkt\\\/hyde-no-5-the-aras-cask\\\/\",\"url\":\"https:\\\/\\\/whiskycenter.com\\\/de\\\/produkt\\\/hyde-no-5-the-aras-cask\\\/\",\"name\":\"Hyde No. 5 The \u00c1ras Cask - Whisky Center\",\"isPartOf\":{\"@id\":\"https:\\\/\\\/whiskycenter.com\\\/de\\\/#website\"},\"primaryImageOfPage\":{\"@id\":\"https:\\\/\\\/whiskycenter.com\\\/de\\\/produkt\\\/hyde-no-5-the-aras-cask\\\/#primaryimage\"},\"image\":{\"@id\":\"https:\\\/\\\/whiskycenter.com\\\/de\\\/produkt\\\/hyde-no-5-the-aras-cask\\\/#primaryimage\"},\"thumbnailUrl\":\"https:\\\/\\\/whiskycenter.com\\\/wp-content\\\/uploads\\\/2025\\\/07\\\/04_OurWhiskey_No5-e1752360894933.png\",\"datePublished\":\"2025-07-12T09:00:01+00:00\",\"dateModified\":\"2025-07-21T15:03:40+00:00\",\"description\":\"Erleben Sie Hyde No. 5 The \u00c1ras Cask: 6 Jahre gereifter Single Grain Irish Whiskey mit 6-monatigigem Burgundy-Fass-Finish. Reich an roten Fr\u00fcchten, Gew\u00fcrzen\",\"breadcrumb\":{\"@id\":\"https:\\\/\\\/whiskycenter.com\\\/de\\\/produkt\\\/hyde-no-5-the-aras-cask\\\/#breadcrumb\"},\"inLanguage\":\"de\",\"potentialAction\":[{\"@type\":\"ReadAction\",\"target\":[\"https:\\\/\\\/whiskycenter.com\\\/de\\\/produkt\\\/hyde-no-5-the-aras-cask\\\/\"]}]},{\"@type\":\"ImageObject\",\"inLanguage\":\"de\",\"@id\":\"https:\\\/\\\/whiskycenter.com\\\/de\\\/produkt\\\/hyde-no-5-the-aras-cask\\\/#primaryimage\",\"url\":\"https:\\\/\\\/whiskycenter.com\\\/wp-content\\\/uploads\\\/2025\\\/07\\\/04_OurWhiskey_No5-e1752360894933.png\",\"contentUrl\":\"https:\\\/\\\/whiskycenter.com\\\/wp-content\\\/uploads\\\/2025\\\/07\\\/04_OurWhiskey_No5-e1752360894933.png\",\"width\":800,\"height\":800,\"caption\":\"Hyde No. 5 The \u00c1ras Cask \u2013 6-Year-Old Single Grain Irish Whiskey, Burgundy Cask Finish, Whisky Center\"},{\"@type\":\"BreadcrumbList\",\"@id\":\"https:\\\/\\\/whiskycenter.com\\\/de\\\/produkt\\\/hyde-no-5-the-aras-cask\\\/#breadcrumb\",\"itemListElement\":[{\"@type\":\"ListItem\",\"position\":1,\"name\":\"Homepage\",\"item\":\"https:\\\/\\\/whiskycenter.com\\\/de\\\/whisky-center-ihr-online-shop-fuer-premium-whiskys-aus-aller-welt\\\/\"},{\"@type\":\"ListItem\",\"position\":2,\"name\":\"webshop | Whisky Center\",\"item\":\"https:\\\/\\\/whiskycenter.com\\\/webshop-whisky-center\\\/\"},{\"@type\":\"ListItem\",\"position\":3,\"name\":\"Hyde No. 5 The \u00c1ras Cask\"}]},{\"@type\":\"WebSite\",\"@id\":\"https:\\\/\\\/whiskycenter.com\\\/de\\\/#website\",\"url\":\"https:\\\/\\\/whiskycenter.com\\\/de\\\/\",\"name\":\"Whisky Center\",\"description\":\"Welcome to Whisky Center\",\"publisher\":{\"@id\":\"https:\\\/\\\/whiskycenter.com\\\/de\\\/#organization\"},\"alternateName\":\"Whiskycenter.com\",\"potentialAction\":[{\"@type\":\"SearchAction\",\"target\":{\"@type\":\"EntryPoint\",\"urlTemplate\":\"https:\\\/\\\/whiskycenter.com\\\/de\\\/?s={search_term_string}\"},\"query-input\":{\"@type\":\"PropertyValueSpecification\",\"valueRequired\":true,\"valueName\":\"search_term_string\"}}],\"inLanguage\":\"de\"},{\"@type\":\"Organization\",\"@id\":\"https:\\\/\\\/whiskycenter.com\\\/de\\\/#organization\",\"name\":\"Whisky Center\",\"alternateName\":\"whiskycenter.com\",\"url\":\"https:\\\/\\\/whiskycenter.com\\\/de\\\/\",\"logo\":{\"@type\":\"ImageObject\",\"inLanguage\":\"de\",\"@id\":\"https:\\\/\\\/whiskycenter.com\\\/de\\\/#\\\/schema\\\/logo\\\/image\\\/\",\"url\":\"https:\\\/\\\/whiskycenter.com\\\/wp-content\\\/uploads\\\/2025\\\/01\\\/WhiskyCenterRoundColour_-1-2-e1744803331524.jpg\",\"contentUrl\":\"https:\\\/\\\/whiskycenter.com\\\/wp-content\\\/uploads\\\/2025\\\/01\\\/WhiskyCenterRoundColour_-1-2-e1744803331524.jpg\",\"width\":150,\"height\":150,\"caption\":\"Whisky Center\"},\"image\":{\"@id\":\"https:\\\/\\\/whiskycenter.com\\\/de\\\/#\\\/schema\\\/logo\\\/image\\\/\"},\"sameAs\":[\"https:\\\/\\\/www.facebook.com\\\/whiskycenter\\\/\",\"https:\\\/\\\/x.com\\\/whiskycenter\",\"https:\\\/\\\/www.instagram.com\\\/whiskycenter\\\/\",\"https:\\\/\\\/www.youtube.com\\\/@WhiskyCenter\"],\"description\":\"Premium Whiskies from Around the World About us at Whisky Center, we engage in the purchase and sale of Whisky. For many decades, we\u2019ve been relishing whisk(e)y, procuring, pouring, tasting, consuming, and amassing whiskies from every corner of the globe - as far as the eye can see - for both you and us. We extend an invitation for you to accompany us on this unending journey.\",\"email\":\"info@whiskycenter.com\",\"telephone\":\"0621695497\",\"legalName\":\"Keyservice B.V.\",\"foundingDate\":\"2020-01-01\",\"vatID\":\"NL813564992B01\",\"taxID\":\"813564992\",\"numberOfEmployees\":{\"@type\":\"QuantitativeValue\",\"minValue\":\"1\",\"maxValue\":\"10\"},\"publishingPrinciples\":\"https:\\\/\\\/whiskycenter.com\\\/whisky-blog\\\/\"}]}<\/script>\n<!-- \/ Yoast SEO Premium plugin. -->","yoast_head_json":{"title":"Hyde No. 5 The \u00c1ras Cask - Whisky Center","description":"Erleben Sie Hyde No. 5 The \u00c1ras Cask: 6 Jahre gereifter Single Grain Irish Whiskey mit 6-monatigigem Burgundy-Fass-Finish. Reich an roten Fr\u00fcchten, Gew\u00fcrzen","robots":{"index":"index","follow":"follow","max-snippet":"max-snippet:-1","max-image-preview":"max-image-preview:large","max-video-preview":"max-video-preview:-1"},"canonical":"https:\/\/whiskycenter.com\/de\/produkt\/hyde-no-5-the-aras-cask\/","og_locale":"de_DE","og_type":"article","og_title":"Hyde No. 5 The \u00c1ras Cask - Whisky Center","og_description":"Erleben Sie Hyde No. 5 The \u00c1ras Cask: 6 Jahre gereifter Single Grain Irish Whiskey mit 6-monatigigem Burgundy-Fass-Finish. Reich an roten Fr\u00fcchten, Gew\u00fcrzen","og_url":"https:\/\/whiskycenter.com\/de\/produkt\/hyde-no-5-the-aras-cask\/","og_site_name":"Whisky Center","article_publisher":"https:\/\/www.facebook.com\/whiskycenter\/","article_modified_time":"2025-07-21T15:03:40+00:00","og_image":[{"width":1024,"height":1024,"url":"https:\/\/whiskycenter.com\/wp-content\/uploads\/2025\/07\/04_OurWhiskey_No5-e1752360894933.png","type":"image\/png"}],"twitter_card":"summary_large_image","twitter_site":"@whiskycenter","twitter_misc":{"Gesch\u00e4tzte Lesezeit":"1\u00a0Minute"},"schema":{"@context":"https:\/\/schema.org","@graph":[{"@type":["WebPage","ItemPage"],"@id":"https:\/\/whiskycenter.com\/de\/produkt\/hyde-no-5-the-aras-cask\/","url":"https:\/\/whiskycenter.com\/de\/produkt\/hyde-no-5-the-aras-cask\/","name":"Hyde No. 5 The \u00c1ras Cask - Whisky Center","isPartOf":{"@id":"https:\/\/whiskycenter.com\/de\/#website"},"primaryImageOfPage":{"@id":"https:\/\/whiskycenter.com\/de\/produkt\/hyde-no-5-the-aras-cask\/#primaryimage"},"image":{"@id":"https:\/\/whiskycenter.com\/de\/produkt\/hyde-no-5-the-aras-cask\/#primaryimage"},"thumbnailUrl":"https:\/\/whiskycenter.com\/wp-content\/uploads\/2025\/07\/04_OurWhiskey_No5-e1752360894933.png","datePublished":"2025-07-12T09:00:01+00:00","dateModified":"2025-07-21T15:03:40+00:00","description":"Erleben Sie Hyde No. 5 The \u00c1ras Cask: 6 Jahre gereifter Single Grain Irish Whiskey mit 6-monatigigem Burgundy-Fass-Finish. Reich an roten Fr\u00fcchten, Gew\u00fcrzen","breadcrumb":{"@id":"https:\/\/whiskycenter.com\/de\/produkt\/hyde-no-5-the-aras-cask\/#breadcrumb"},"inLanguage":"de","potentialAction":[{"@type":"ReadAction","target":["https:\/\/whiskycenter.com\/de\/produkt\/hyde-no-5-the-aras-cask\/"]}]},{"@type":"ImageObject","inLanguage":"de","@id":"https:\/\/whiskycenter.com\/de\/produkt\/hyde-no-5-the-aras-cask\/#primaryimage","url":"https:\/\/whiskycenter.com\/wp-content\/uploads\/2025\/07\/04_OurWhiskey_No5-e1752360894933.png","contentUrl":"https:\/\/whiskycenter.com\/wp-content\/uploads\/2025\/07\/04_OurWhiskey_No5-e1752360894933.png","width":800,"height":800,"caption":"Hyde No. 5 The \u00c1ras Cask \u2013 6-Year-Old Single Grain Irish Whiskey, Burgundy Cask Finish, Whisky Center"},{"@type":"BreadcrumbList","@id":"https:\/\/whiskycenter.com\/de\/produkt\/hyde-no-5-the-aras-cask\/#breadcrumb","itemListElement":[{"@type":"ListItem","position":1,"name":"Homepage","item":"https:\/\/whiskycenter.com\/de\/whisky-center-ihr-online-shop-fuer-premium-whiskys-aus-aller-welt\/"},{"@type":"ListItem","position":2,"name":"webshop | Whisky Center","item":"https:\/\/whiskycenter.com\/webshop-whisky-center\/"},{"@type":"ListItem","position":3,"name":"Hyde No. 5 The \u00c1ras Cask"}]},{"@type":"WebSite","@id":"https:\/\/whiskycenter.com\/de\/#website","url":"https:\/\/whiskycenter.com\/de\/","name":"Whisky Center","description":"Welcome to Whisky Center","publisher":{"@id":"https:\/\/whiskycenter.com\/de\/#organization"},"alternateName":"Whiskycenter.com","potentialAction":[{"@type":"SearchAction","target":{"@type":"EntryPoint","urlTemplate":"https:\/\/whiskycenter.com\/de\/?s={search_term_string}"},"query-input":{"@type":"PropertyValueSpecification","valueRequired":true,"valueName":"search_term_string"}}],"inLanguage":"de"},{"@type":"Organization","@id":"https:\/\/whiskycenter.com\/de\/#organization","name":"Whisky Center","alternateName":"whiskycenter.com","url":"https:\/\/whiskycenter.com\/de\/","logo":{"@type":"ImageObject","inLanguage":"de","@id":"https:\/\/whiskycenter.com\/de\/#\/schema\/logo\/image\/","url":"https:\/\/whiskycenter.com\/wp-content\/uploads\/2025\/01\/WhiskyCenterRoundColour_-1-2-e1744803331524.jpg","contentUrl":"https:\/\/whiskycenter.com\/wp-content\/uploads\/2025\/01\/WhiskyCenterRoundColour_-1-2-e1744803331524.jpg","width":150,"height":150,"caption":"Whisky Center"},"image":{"@id":"https:\/\/whiskycenter.com\/de\/#\/schema\/logo\/image\/"},"sameAs":["https:\/\/www.facebook.com\/whiskycenter\/","https:\/\/x.com\/whiskycenter","https:\/\/www.instagram.com\/whiskycenter\/","https:\/\/www.youtube.com\/@WhiskyCenter"],"description":"Premium Whiskies from Around the World About us at Whisky Center, we engage in the purchase and sale of Whisky. For many decades, we\u2019ve been relishing whisk(e)y, procuring, pouring, tasting, consuming, and amassing whiskies from every corner of the globe - as far as the eye can see - for both you and us. We extend an invitation for you to accompany us on this unending journey.","email":"info@whiskycenter.com","telephone":"0621695497","legalName":"Keyservice B.V.","foundingDate":"2020-01-01","vatID":"NL813564992B01","taxID":"813564992","numberOfEmployees":{"@type":"QuantitativeValue","minValue":"1","maxValue":"10"},"publishingPrinciples":"https:\/\/whiskycenter.com\/whisky-blog\/"}]}},"_links":{"self":[{"href":"https:\/\/whiskycenter.com\/de\/wp-json\/wp\/v2\/product\/67835","targetHints":{"allow":["GET"]}}],"collection":[{"href":"https:\/\/whiskycenter.com\/de\/wp-json\/wp\/v2\/product"}],"about":[{"href":"https:\/\/whiskycenter.com\/de\/wp-json\/wp\/v2\/types\/product"}],"replies":[{"embeddable":true,"href":"https:\/\/whiskycenter.com\/de\/wp-json\/wp\/v2\/comments?post=67835"}],"wp:featuredmedia":[{"embeddable":true,"href":"https:\/\/whiskycenter.com\/de\/wp-json\/wp\/v2\/media\/67858"}],"wp:attachment":[{"href":"https:\/\/whiskycenter.com\/de\/wp-json\/wp\/v2\/media?parent=67835"}],"wp:term":[{"taxonomy":"wpc-attribute-group","embeddable":true,"href":"https:\/\/whiskycenter.com\/de\/wp-json\/wp\/v2\/wpc-attribute-group?post=67835"},{"taxonomy":"product_brand","embeddable":true,"href":"https:\/\/whiskycenter.com\/de\/wp-json\/wp\/v2\/product_brand?post=67835"},{"taxonomy":"product_cat","embeddable":true,"href":"https:\/\/whiskycenter.com\/de\/wp-json\/wp\/v2\/product_cat?post=67835"},{"taxonomy":"product_tag","embeddable":true,"href":"https:\/\/whiskycenter.com\/de\/wp-json\/wp\/v2\/product_tag?post=67835"},{"taxonomy":"berocket_brand","embeddable":true,"href":"https:\/\/whiskycenter.com\/de\/wp-json\/wp\/v2\/berocket_brand?post=67835"}],"curies":[{"name":"wp","href":"https:\/\/api.w.org\/{rel}","templated":true}]}}