
{"id":68115,"date":"2025-01-08T18:52:09","date_gmt":"2025-01-08T17:52:09","guid":{"rendered":"https:\/\/whiskycenter.com\/product\/whyte-mackay-blended-scotch-whisky\/"},"modified":"2025-07-16T09:59:30","modified_gmt":"2025-07-16T07:59:30","slug":"whyte-mackay-blended-scotch-whisky","status":"publish","type":"product","link":"https:\/\/whiskycenter.com\/de\/produkt\/whyte-mackay-blended-scotch-whisky\/","title":{"rendered":"Whyte &amp; Mackay Special Blended Scotch Whisky"},"content":{"rendered":"<p>Tasting notes: <strong>Whyte &amp; Mackay Special Blended Scotch Whisky<\/strong><\/p>\n<ul>\n<li><strong>Farbe<\/strong>: Tiefes Mahagoni-Gold mit funkelndem Bernstein.<\/li>\n<li><strong>Nase<\/strong>: Sanft mit warmen Noten von Marzipan, Manuka-Honig, cremigem Karamell und Demerara-Zucker, gefolgt von Nuancen von glasierter Ananas, Apfelmost und Pralinen-Schokolade.<\/li>\n<li><strong>Geschmack<\/strong>: Beginnt mit milden und belebenden Aromen tropischer Fr\u00fcchte, Hagebuttensirup, karamellisierten Orangensegmenten und Makronen und endet mit Pfirsichen in Sirup, Lakritze und Sevilla-Marmelade.<\/li>\n<\/ul>\n","protected":false},"excerpt":{"rendered":"<p class=\"text-center md:text-left\"><strong>Whyte &amp; Mackay Special Blended Scotch Whisky<\/strong> ist eine edle Mischung aus Single Malts aus den Lowlands, Whisky aus Campbeltown und typischen Malts von Islay. Diese Whisky-Kreation durchl\u00e4uft einen einzigartigen Reifungsprozess, bekannt als die \u201eDouble Matured\u201c-Methode, die ihr eine unverwechselbare Charakteristik verleiht. Der Blend wird vom legend\u00e4ren Master Distiller Richard Paterson kreiert, der 2011 zum Whisky Ambassador of the Year gek\u00fcrt wurde.  <\/p>\n<p>Whyte &amp; Mackay blickt auf eine lange Geschichte zur\u00fcck, die 1844 in Glasgow begann, und ihr Engagement f\u00fcr Qualit\u00e4t wurde mit zahlreichen Auszeichnungen belohnt. Dieser Whisky eignet sich hervorragend zum pur genie\u00dfen, auf Eis oder mit dem Lieblingsmixer. <\/p>\n","protected":false},"featured_media":65639,"comment_status":"open","ping_status":"closed","template":"","meta":[],"wpc-attribute-group":[],"product_brand":[],"product_cat":[4442],"product_tag":[],"berocket_brand":[4994],"class_list":{"0":"post-68115","1":"product","2":"type-product","3":"status-publish","4":"has-post-thumbnail","6":"product_cat-golden-oldies-spirituosen","7":"pa_alcohol-percentage-40-de","8":"pa_country_of_origin-schottland","9":"pa_producer-whyte-mackay-de","10":"pa_product-type-whisky-de","11":"pa_spirit-type-whisky-de","12":"pa_unit_pricing_base_measure-700-ml-de","13":"pa_website-product-type-flasche","14":"pa_whiskey-category-blend-de","15":"pa_whiskey-category-blended-scotch-de","16":"berocket_brand-whyte-mackay-ltd-de","18":"first","19":"instock","20":"featured","21":"taxable","22":"shipping-taxable","23":"purchasable","24":"product-type-simple"},"yoast_head":"<!-- This site is optimized with the Yoast SEO Premium plugin v27.3 (Yoast SEO v27.3) - https:\/\/yoast.com\/product\/yoast-seo-premium-wordpress\/ -->\n<title>Whyte &amp; Mackay Special Blended Scotch Whisky - Whisky Center<\/title>\n<meta name=\"description\" content=\"Whyte &amp; Mackay Blended Scotch Whisky ist eine edle Mischung aus Single Malts aus den Lowlands, Whisky aus Campbeltown und typischen Malts von Islay...\" \/>\n<meta name=\"robots\" content=\"index, follow, max-snippet:-1, max-image-preview:large, max-video-preview:-1\" \/>\n<link rel=\"canonical\" href=\"https:\/\/whiskycenter.com\/de\/produkt\/whyte-mackay-blended-scotch-whisky\/\" \/>\n<meta property=\"og:locale\" content=\"de_DE\" \/>\n<meta property=\"og:type\" content=\"article\" \/>\n<meta property=\"og:title\" content=\"Whyte &amp; Mackay Special Blended Scotch Whisky - Whisky Center\" \/>\n<meta property=\"og:description\" content=\"Whyte &amp; Mackay Blended Scotch Whisky ist eine edle Mischung aus Single Malts aus den Lowlands, Whisky aus Campbeltown und typischen Malts von Islay...\" \/>\n<meta property=\"og:url\" content=\"https:\/\/whiskycenter.com\/de\/produkt\/whyte-mackay-blended-scotch-whisky\/\" \/>\n<meta property=\"og:site_name\" content=\"Whisky Center\" \/>\n<meta property=\"article:publisher\" content=\"https:\/\/www.facebook.com\/whiskycenter\/\" \/>\n<meta property=\"article:modified_time\" content=\"2025-07-16T07:59:30+00:00\" \/>\n<meta property=\"og:image\" content=\"https:\/\/whiskycenter.com\/wp-content\/uploads\/2025\/01\/WHYTE-Mackay-400x400-1.jpg\" \/>\n\t<meta property=\"og:image:width\" content=\"400\" \/>\n\t<meta property=\"og:image:height\" content=\"400\" \/>\n\t<meta property=\"og:image:type\" content=\"image\/jpeg\" \/>\n<meta name=\"twitter:card\" content=\"summary_large_image\" \/>\n<meta name=\"twitter:site\" content=\"@whiskycenter\" \/>\n<meta name=\"twitter:label1\" content=\"Gesch\u00e4tzte Lesezeit\" \/>\n\t<meta name=\"twitter:data1\" content=\"1\u00a0Minute\" \/>\n<script type=\"application\/ld+json\" class=\"yoast-schema-graph\">{\"@context\":\"https:\\\/\\\/schema.org\",\"@graph\":[{\"@type\":[\"WebPage\",\"ItemPage\"],\"@id\":\"https:\\\/\\\/whiskycenter.com\\\/de\\\/produkt\\\/whyte-mackay-blended-scotch-whisky\\\/\",\"url\":\"https:\\\/\\\/whiskycenter.com\\\/de\\\/produkt\\\/whyte-mackay-blended-scotch-whisky\\\/\",\"name\":\"Whyte &amp; Mackay Special Blended Scotch Whisky - Whisky Center\",\"isPartOf\":{\"@id\":\"https:\\\/\\\/whiskycenter.com\\\/de\\\/#website\"},\"primaryImageOfPage\":{\"@id\":\"https:\\\/\\\/whiskycenter.com\\\/de\\\/produkt\\\/whyte-mackay-blended-scotch-whisky\\\/#primaryimage\"},\"image\":{\"@id\":\"https:\\\/\\\/whiskycenter.com\\\/de\\\/produkt\\\/whyte-mackay-blended-scotch-whisky\\\/#primaryimage\"},\"thumbnailUrl\":\"https:\\\/\\\/whiskycenter.com\\\/wp-content\\\/uploads\\\/2025\\\/01\\\/WHYTE-Mackay-400x400-1.jpg\",\"datePublished\":\"2025-01-08T17:52:09+00:00\",\"dateModified\":\"2025-07-16T07:59:30+00:00\",\"description\":\"Whyte & Mackay Blended Scotch Whisky ist eine edle Mischung aus Single Malts aus den Lowlands, Whisky aus Campbeltown und typischen Malts von Islay...\",\"breadcrumb\":{\"@id\":\"https:\\\/\\\/whiskycenter.com\\\/de\\\/produkt\\\/whyte-mackay-blended-scotch-whisky\\\/#breadcrumb\"},\"inLanguage\":\"de\",\"potentialAction\":[{\"@type\":\"ReadAction\",\"target\":[\"https:\\\/\\\/whiskycenter.com\\\/de\\\/produkt\\\/whyte-mackay-blended-scotch-whisky\\\/\"]}]},{\"@type\":\"ImageObject\",\"inLanguage\":\"de\",\"@id\":\"https:\\\/\\\/whiskycenter.com\\\/de\\\/produkt\\\/whyte-mackay-blended-scotch-whisky\\\/#primaryimage\",\"url\":\"https:\\\/\\\/whiskycenter.com\\\/wp-content\\\/uploads\\\/2025\\\/01\\\/WHYTE-Mackay-400x400-1.jpg\",\"contentUrl\":\"https:\\\/\\\/whiskycenter.com\\\/wp-content\\\/uploads\\\/2025\\\/01\\\/WHYTE-Mackay-400x400-1.jpg\",\"width\":400,\"height\":400,\"caption\":\"Whyte & Mackay Blended Scotch Whisky bottle\"},{\"@type\":\"BreadcrumbList\",\"@id\":\"https:\\\/\\\/whiskycenter.com\\\/de\\\/produkt\\\/whyte-mackay-blended-scotch-whisky\\\/#breadcrumb\",\"itemListElement\":[{\"@type\":\"ListItem\",\"position\":1,\"name\":\"Homepage\",\"item\":\"https:\\\/\\\/whiskycenter.com\\\/de\\\/whisky-center-ihr-online-shop-fuer-premium-whiskys-aus-aller-welt\\\/\"},{\"@type\":\"ListItem\",\"position\":2,\"name\":\"webshop | Whisky Center\",\"item\":\"https:\\\/\\\/whiskycenter.com\\\/webshop-whisky-center\\\/\"},{\"@type\":\"ListItem\",\"position\":3,\"name\":\"Whyte &amp; Mackay Special Blended Scotch Whisky\"}]},{\"@type\":\"WebSite\",\"@id\":\"https:\\\/\\\/whiskycenter.com\\\/de\\\/#website\",\"url\":\"https:\\\/\\\/whiskycenter.com\\\/de\\\/\",\"name\":\"Whisky Center\",\"description\":\"Welcome to Whisky Center\",\"publisher\":{\"@id\":\"https:\\\/\\\/whiskycenter.com\\\/de\\\/#organization\"},\"alternateName\":\"Whiskycenter.com\",\"potentialAction\":[{\"@type\":\"SearchAction\",\"target\":{\"@type\":\"EntryPoint\",\"urlTemplate\":\"https:\\\/\\\/whiskycenter.com\\\/de\\\/?s={search_term_string}\"},\"query-input\":{\"@type\":\"PropertyValueSpecification\",\"valueRequired\":true,\"valueName\":\"search_term_string\"}}],\"inLanguage\":\"de\"},{\"@type\":\"Organization\",\"@id\":\"https:\\\/\\\/whiskycenter.com\\\/de\\\/#organization\",\"name\":\"Whisky Center\",\"alternateName\":\"whiskycenter.com\",\"url\":\"https:\\\/\\\/whiskycenter.com\\\/de\\\/\",\"logo\":{\"@type\":\"ImageObject\",\"inLanguage\":\"de\",\"@id\":\"https:\\\/\\\/whiskycenter.com\\\/de\\\/#\\\/schema\\\/logo\\\/image\\\/\",\"url\":\"https:\\\/\\\/whiskycenter.com\\\/wp-content\\\/uploads\\\/2025\\\/01\\\/WhiskyCenterRoundColour_-1-2-e1744803331524.jpg\",\"contentUrl\":\"https:\\\/\\\/whiskycenter.com\\\/wp-content\\\/uploads\\\/2025\\\/01\\\/WhiskyCenterRoundColour_-1-2-e1744803331524.jpg\",\"width\":150,\"height\":150,\"caption\":\"Whisky Center\"},\"image\":{\"@id\":\"https:\\\/\\\/whiskycenter.com\\\/de\\\/#\\\/schema\\\/logo\\\/image\\\/\"},\"sameAs\":[\"https:\\\/\\\/www.facebook.com\\\/whiskycenter\\\/\",\"https:\\\/\\\/x.com\\\/whiskycenter\",\"https:\\\/\\\/www.instagram.com\\\/whiskycenter\\\/\",\"https:\\\/\\\/www.youtube.com\\\/@WhiskyCenter\"],\"description\":\"Premium Whiskies from Around the World About us at Whisky Center, we engage in the purchase and sale of Whisky. For many decades, we\u2019ve been relishing whisk(e)y, procuring, pouring, tasting, consuming, and amassing whiskies from every corner of the globe - as far as the eye can see - for both you and us. We extend an invitation for you to accompany us on this unending journey.\",\"email\":\"info@whiskycenter.com\",\"telephone\":\"0621695497\",\"legalName\":\"Keyservice B.V.\",\"foundingDate\":\"2020-01-01\",\"vatID\":\"NL813564992B01\",\"taxID\":\"813564992\",\"numberOfEmployees\":{\"@type\":\"QuantitativeValue\",\"minValue\":\"1\",\"maxValue\":\"10\"},\"publishingPrinciples\":\"https:\\\/\\\/whiskycenter.com\\\/whisky-blog\\\/\"}]}<\/script>\n<!-- \/ Yoast SEO Premium plugin. -->","yoast_head_json":{"title":"Whyte &amp; Mackay Special Blended Scotch Whisky - Whisky Center","description":"Whyte & Mackay Blended Scotch Whisky ist eine edle Mischung aus Single Malts aus den Lowlands, Whisky aus Campbeltown und typischen Malts von Islay...","robots":{"index":"index","follow":"follow","max-snippet":"max-snippet:-1","max-image-preview":"max-image-preview:large","max-video-preview":"max-video-preview:-1"},"canonical":"https:\/\/whiskycenter.com\/de\/produkt\/whyte-mackay-blended-scotch-whisky\/","og_locale":"de_DE","og_type":"article","og_title":"Whyte &amp; Mackay Special Blended Scotch Whisky - Whisky Center","og_description":"Whyte & Mackay Blended Scotch Whisky ist eine edle Mischung aus Single Malts aus den Lowlands, Whisky aus Campbeltown und typischen Malts von Islay...","og_url":"https:\/\/whiskycenter.com\/de\/produkt\/whyte-mackay-blended-scotch-whisky\/","og_site_name":"Whisky Center","article_publisher":"https:\/\/www.facebook.com\/whiskycenter\/","article_modified_time":"2025-07-16T07:59:30+00:00","og_image":[{"width":400,"height":400,"url":"https:\/\/whiskycenter.com\/wp-content\/uploads\/2025\/01\/WHYTE-Mackay-400x400-1.jpg","type":"image\/jpeg"}],"twitter_card":"summary_large_image","twitter_site":"@whiskycenter","twitter_misc":{"Gesch\u00e4tzte Lesezeit":"1\u00a0Minute"},"schema":{"@context":"https:\/\/schema.org","@graph":[{"@type":["WebPage","ItemPage"],"@id":"https:\/\/whiskycenter.com\/de\/produkt\/whyte-mackay-blended-scotch-whisky\/","url":"https:\/\/whiskycenter.com\/de\/produkt\/whyte-mackay-blended-scotch-whisky\/","name":"Whyte &amp; Mackay Special Blended Scotch Whisky - Whisky Center","isPartOf":{"@id":"https:\/\/whiskycenter.com\/de\/#website"},"primaryImageOfPage":{"@id":"https:\/\/whiskycenter.com\/de\/produkt\/whyte-mackay-blended-scotch-whisky\/#primaryimage"},"image":{"@id":"https:\/\/whiskycenter.com\/de\/produkt\/whyte-mackay-blended-scotch-whisky\/#primaryimage"},"thumbnailUrl":"https:\/\/whiskycenter.com\/wp-content\/uploads\/2025\/01\/WHYTE-Mackay-400x400-1.jpg","datePublished":"2025-01-08T17:52:09+00:00","dateModified":"2025-07-16T07:59:30+00:00","description":"Whyte & Mackay Blended Scotch Whisky ist eine edle Mischung aus Single Malts aus den Lowlands, Whisky aus Campbeltown und typischen Malts von Islay...","breadcrumb":{"@id":"https:\/\/whiskycenter.com\/de\/produkt\/whyte-mackay-blended-scotch-whisky\/#breadcrumb"},"inLanguage":"de","potentialAction":[{"@type":"ReadAction","target":["https:\/\/whiskycenter.com\/de\/produkt\/whyte-mackay-blended-scotch-whisky\/"]}]},{"@type":"ImageObject","inLanguage":"de","@id":"https:\/\/whiskycenter.com\/de\/produkt\/whyte-mackay-blended-scotch-whisky\/#primaryimage","url":"https:\/\/whiskycenter.com\/wp-content\/uploads\/2025\/01\/WHYTE-Mackay-400x400-1.jpg","contentUrl":"https:\/\/whiskycenter.com\/wp-content\/uploads\/2025\/01\/WHYTE-Mackay-400x400-1.jpg","width":400,"height":400,"caption":"Whyte & Mackay Blended Scotch Whisky bottle"},{"@type":"BreadcrumbList","@id":"https:\/\/whiskycenter.com\/de\/produkt\/whyte-mackay-blended-scotch-whisky\/#breadcrumb","itemListElement":[{"@type":"ListItem","position":1,"name":"Homepage","item":"https:\/\/whiskycenter.com\/de\/whisky-center-ihr-online-shop-fuer-premium-whiskys-aus-aller-welt\/"},{"@type":"ListItem","position":2,"name":"webshop | Whisky Center","item":"https:\/\/whiskycenter.com\/webshop-whisky-center\/"},{"@type":"ListItem","position":3,"name":"Whyte &amp; Mackay Special Blended Scotch Whisky"}]},{"@type":"WebSite","@id":"https:\/\/whiskycenter.com\/de\/#website","url":"https:\/\/whiskycenter.com\/de\/","name":"Whisky Center","description":"Welcome to Whisky Center","publisher":{"@id":"https:\/\/whiskycenter.com\/de\/#organization"},"alternateName":"Whiskycenter.com","potentialAction":[{"@type":"SearchAction","target":{"@type":"EntryPoint","urlTemplate":"https:\/\/whiskycenter.com\/de\/?s={search_term_string}"},"query-input":{"@type":"PropertyValueSpecification","valueRequired":true,"valueName":"search_term_string"}}],"inLanguage":"de"},{"@type":"Organization","@id":"https:\/\/whiskycenter.com\/de\/#organization","name":"Whisky Center","alternateName":"whiskycenter.com","url":"https:\/\/whiskycenter.com\/de\/","logo":{"@type":"ImageObject","inLanguage":"de","@id":"https:\/\/whiskycenter.com\/de\/#\/schema\/logo\/image\/","url":"https:\/\/whiskycenter.com\/wp-content\/uploads\/2025\/01\/WhiskyCenterRoundColour_-1-2-e1744803331524.jpg","contentUrl":"https:\/\/whiskycenter.com\/wp-content\/uploads\/2025\/01\/WhiskyCenterRoundColour_-1-2-e1744803331524.jpg","width":150,"height":150,"caption":"Whisky Center"},"image":{"@id":"https:\/\/whiskycenter.com\/de\/#\/schema\/logo\/image\/"},"sameAs":["https:\/\/www.facebook.com\/whiskycenter\/","https:\/\/x.com\/whiskycenter","https:\/\/www.instagram.com\/whiskycenter\/","https:\/\/www.youtube.com\/@WhiskyCenter"],"description":"Premium Whiskies from Around the World About us at Whisky Center, we engage in the purchase and sale of Whisky. For many decades, we\u2019ve been relishing whisk(e)y, procuring, pouring, tasting, consuming, and amassing whiskies from every corner of the globe - as far as the eye can see - for both you and us. We extend an invitation for you to accompany us on this unending journey.","email":"info@whiskycenter.com","telephone":"0621695497","legalName":"Keyservice B.V.","foundingDate":"2020-01-01","vatID":"NL813564992B01","taxID":"813564992","numberOfEmployees":{"@type":"QuantitativeValue","minValue":"1","maxValue":"10"},"publishingPrinciples":"https:\/\/whiskycenter.com\/whisky-blog\/"}]}},"_links":{"self":[{"href":"https:\/\/whiskycenter.com\/de\/wp-json\/wp\/v2\/product\/68115","targetHints":{"allow":["GET"]}}],"collection":[{"href":"https:\/\/whiskycenter.com\/de\/wp-json\/wp\/v2\/product"}],"about":[{"href":"https:\/\/whiskycenter.com\/de\/wp-json\/wp\/v2\/types\/product"}],"replies":[{"embeddable":true,"href":"https:\/\/whiskycenter.com\/de\/wp-json\/wp\/v2\/comments?post=68115"}],"wp:featuredmedia":[{"embeddable":true,"href":"https:\/\/whiskycenter.com\/de\/wp-json\/wp\/v2\/media\/65639"}],"wp:attachment":[{"href":"https:\/\/whiskycenter.com\/de\/wp-json\/wp\/v2\/media?parent=68115"}],"wp:term":[{"taxonomy":"wpc-attribute-group","embeddable":true,"href":"https:\/\/whiskycenter.com\/de\/wp-json\/wp\/v2\/wpc-attribute-group?post=68115"},{"taxonomy":"product_brand","embeddable":true,"href":"https:\/\/whiskycenter.com\/de\/wp-json\/wp\/v2\/product_brand?post=68115"},{"taxonomy":"product_cat","embeddable":true,"href":"https:\/\/whiskycenter.com\/de\/wp-json\/wp\/v2\/product_cat?post=68115"},{"taxonomy":"product_tag","embeddable":true,"href":"https:\/\/whiskycenter.com\/de\/wp-json\/wp\/v2\/product_tag?post=68115"},{"taxonomy":"berocket_brand","embeddable":true,"href":"https:\/\/whiskycenter.com\/de\/wp-json\/wp\/v2\/berocket_brand?post=68115"}],"curies":[{"name":"wp","href":"https:\/\/api.w.org\/{rel}","templated":true}]}}