
{"id":75089,"date":"2023-02-17T19:53:38","date_gmt":"2023-02-17T18:53:38","guid":{"rendered":"https:\/\/whiskycenter.com\/product\/old-hunters-selection-7yo-rye-whisky\/"},"modified":"2025-10-28T22:08:24","modified_gmt":"2025-10-28T21:08:24","slug":"old-hunters-selection-7yo-rye-whisky","status":"publish","type":"product","link":"https:\/\/whiskycenter.com\/de\/produkt\/old-hunters-selection-7yo-rye-whisky\/","title":{"rendered":"Old Hunter&#8217;s Selection 7YO Rye Whisky"},"content":{"rendered":"<h4>Verkostungsnotizen:<\/h4>\n<ul>\n<li><strong>Nase<\/strong>: frische Roggen\u00e4hren, dezente Vanille.<\/li>\n<li><strong>Gaumen:<\/strong> zarte Fruchtigkeit, warme Gew\u00fcrze und weiche Getreidezucker.<\/li>\n<li><strong>Abgang<\/strong>: geschmeidig und anhaltend mit w\u00e4rmender Roggenw\u00fcrze sowie feiner Vanille und Gew\u00fcrznoten.<\/li>\n<\/ul>\n","protected":false},"excerpt":{"rendered":"<p><strong>Old Hunter\u2019s Selection 7YO Rye Whisky<\/strong> ist ein sieben Jahre gereifter Rye, der f\u00fcnf Meter unter der Erde in Eichenf\u00e4ssern lagert; die 4 + 3 Reifeformel erh\u00f6ht die Komplexit\u00e4t und Blendmeister Roman Petru\u0161 w\u00e4hlt die besten F\u00e4sser aus; jede Flasche kommt in einer eleganten Schachtel mit Informationsheft.<\/p>\n<h3><\/h3>\n","protected":false},"featured_media":65355,"comment_status":"open","ping_status":"closed","template":"","meta":[],"wpc-attribute-group":[],"product_brand":[],"product_cat":[5107,5095,4763,4741],"product_tag":[5084],"berocket_brand":[5024,4810],"class_list":{"0":"post-75089","1":"product","2":"type-product","3":"status-publish","4":"has-post-thumbnail","6":"product_cat-the-affordables-de","7":"product_cat-whiskey-de","8":"product_cat-old-hunters-rye-whisky-de","9":"product_cat-green-tree-distillery-de","10":"product_tag-roggen","11":"pa_aeging-7-de","12":"pa_alcohol-percentage-40-de","13":"pa_country_of_origin-kontinentaleuropa","14":"pa_producer-green-tree-brennerei","15":"pa_product-type-whisky-de","16":"pa_spirit-type-whisky-de","17":"pa_unit_pricing_base_measure-700-ml-de","18":"pa_whiskey-category-rye-whisky-de","19":"berocket_brand-old-hunters-rye-whiskey-de","20":"berocket_brand-green-tree-distillery-de","22":"first","23":"instock","24":"featured","25":"taxable","26":"shipping-taxable","27":"purchasable","28":"product-type-simple"},"yoast_head":"<!-- This site is optimized with the Yoast SEO Premium plugin v27.5 (Yoast SEO v27.5) - https:\/\/yoast.com\/product\/yoast-seo-premium-wordpress\/ -->\n<title>Old Hunter\u2019s Selection 7YO Rye Whisky \u2014 7 Jahre Unterirdisch Gereift<\/title>\n<meta name=\"description\" content=\"Erleben Sie Old Hunter\u2019s Selection 7YO Rye: sieben Jahre unterirdisch gereift f\u00fcr frischen Roggen, Vanille\u2011Fruchtnoten und einen eleganten, weichen Abgang.\" \/>\n<meta name=\"robots\" content=\"index, follow, max-snippet:-1, max-image-preview:large, max-video-preview:-1\" \/>\n<link rel=\"canonical\" href=\"https:\/\/whiskycenter.com\/de\/produkt\/old-hunters-selection-7yo-rye-whisky\/\" \/>\n<meta property=\"og:locale\" content=\"de_DE\" \/>\n<meta property=\"og:type\" content=\"article\" \/>\n<meta property=\"og:title\" content=\"Old Hunter&#039;s Selection 7YO Rye Whisky - Whisky Center\" \/>\n<meta property=\"og:description\" content=\"Erleben Sie Old Hunter\u2019s Selection 7YO Rye: sieben Jahre unterirdisch gereift f\u00fcr frischen Roggen, Vanille\u2011Fruchtnoten und einen eleganten, weichen Abgang.\" \/>\n<meta property=\"og:url\" content=\"https:\/\/whiskycenter.com\/de\/produkt\/old-hunters-selection-7yo-rye-whisky\/\" \/>\n<meta property=\"og:site_name\" content=\"Whisky Center\" \/>\n<meta property=\"article:publisher\" content=\"https:\/\/www.facebook.com\/whiskycenter\/\" \/>\n<meta property=\"article:modified_time\" content=\"2025-10-28T21:08:24+00:00\" \/>\n<meta property=\"og:image\" content=\"https:\/\/i0.wp.com\/whiskycenter.com\/wp-content\/uploads\/2023\/02\/Old-Hunters-Selection-7YO-Rye-Whisky-400x400-1.png?fit=400%2C400&ssl=1\" \/>\n\t<meta property=\"og:image:width\" content=\"400\" \/>\n\t<meta property=\"og:image:height\" content=\"400\" \/>\n\t<meta property=\"og:image:type\" content=\"image\/png\" \/>\n<meta name=\"twitter:card\" content=\"summary_large_image\" \/>\n<meta name=\"twitter:site\" content=\"@whiskycenter\" \/>\n<script type=\"application\/ld+json\" class=\"yoast-schema-graph\">{\"@context\":\"https:\\\/\\\/schema.org\",\"@graph\":[{\"@type\":[\"WebPage\",\"ItemPage\"],\"@id\":\"https:\\\/\\\/whiskycenter.com\\\/de\\\/produkt\\\/old-hunters-selection-7yo-rye-whisky\\\/\",\"url\":\"https:\\\/\\\/whiskycenter.com\\\/de\\\/produkt\\\/old-hunters-selection-7yo-rye-whisky\\\/\",\"name\":\"Old Hunter\u2019s Selection 7YO Rye Whisky \u2014 7 Jahre Unterirdisch Gereift\",\"isPartOf\":{\"@id\":\"https:\\\/\\\/whiskycenter.com\\\/de\\\/#website\"},\"primaryImageOfPage\":{\"@id\":\"https:\\\/\\\/whiskycenter.com\\\/de\\\/produkt\\\/old-hunters-selection-7yo-rye-whisky\\\/#primaryimage\"},\"image\":{\"@id\":\"https:\\\/\\\/whiskycenter.com\\\/de\\\/produkt\\\/old-hunters-selection-7yo-rye-whisky\\\/#primaryimage\"},\"thumbnailUrl\":\"https:\\\/\\\/whiskycenter.com\\\/wp-content\\\/uploads\\\/2023\\\/02\\\/Old-Hunters-Selection-7YO-Rye-Whisky-400x400-1.png\",\"datePublished\":\"2023-02-17T18:53:38+00:00\",\"dateModified\":\"2025-10-28T21:08:24+00:00\",\"description\":\"Erleben Sie Old Hunter\u2019s Selection 7YO Rye: sieben Jahre unterirdisch gereift f\u00fcr frischen Roggen, Vanille\u2011Fruchtnoten und einen eleganten, weichen Abgang.\",\"breadcrumb\":{\"@id\":\"https:\\\/\\\/whiskycenter.com\\\/de\\\/produkt\\\/old-hunters-selection-7yo-rye-whisky\\\/#breadcrumb\"},\"inLanguage\":\"de\",\"potentialAction\":[{\"@type\":\"ReadAction\",\"target\":[\"https:\\\/\\\/whiskycenter.com\\\/de\\\/produkt\\\/old-hunters-selection-7yo-rye-whisky\\\/\"]}]},{\"@type\":\"ImageObject\",\"inLanguage\":\"de\",\"@id\":\"https:\\\/\\\/whiskycenter.com\\\/de\\\/produkt\\\/old-hunters-selection-7yo-rye-whisky\\\/#primaryimage\",\"url\":\"https:\\\/\\\/whiskycenter.com\\\/wp-content\\\/uploads\\\/2023\\\/02\\\/Old-Hunters-Selection-7YO-Rye-Whisky-400x400-1.png\",\"contentUrl\":\"https:\\\/\\\/whiskycenter.com\\\/wp-content\\\/uploads\\\/2023\\\/02\\\/Old-Hunters-Selection-7YO-Rye-Whisky-400x400-1.png\",\"width\":400,\"height\":400,\"caption\":\"Old Hunter's Selection 7YO Rye Whisky - Whisky Center\"},{\"@type\":\"BreadcrumbList\",\"@id\":\"https:\\\/\\\/whiskycenter.com\\\/de\\\/produkt\\\/old-hunters-selection-7yo-rye-whisky\\\/#breadcrumb\",\"itemListElement\":[{\"@type\":\"ListItem\",\"position\":1,\"name\":\"Homepage\",\"item\":\"https:\\\/\\\/whiskycenter.com\\\/de\\\/whisky-center-ihr-online-shop-fuer-premium-whiskys-aus-aller-welt\\\/\"},{\"@type\":\"ListItem\",\"position\":2,\"name\":\"webshop | Whisky Center\",\"item\":\"https:\\\/\\\/whiskycenter.com\\\/webshop-whisky-center\\\/\"},{\"@type\":\"ListItem\",\"position\":3,\"name\":\"Old Hunter&#8217;s Selection 7YO Rye Whisky\"}]},{\"@type\":\"WebSite\",\"@id\":\"https:\\\/\\\/whiskycenter.com\\\/de\\\/#website\",\"url\":\"https:\\\/\\\/whiskycenter.com\\\/de\\\/\",\"name\":\"Whisky Center\",\"description\":\"Welcome to Whisky Center\",\"publisher\":{\"@id\":\"https:\\\/\\\/whiskycenter.com\\\/de\\\/#organization\"},\"alternateName\":\"Whiskycenter.com\",\"potentialAction\":[{\"@type\":\"SearchAction\",\"target\":{\"@type\":\"EntryPoint\",\"urlTemplate\":\"https:\\\/\\\/whiskycenter.com\\\/de\\\/?s={search_term_string}\"},\"query-input\":{\"@type\":\"PropertyValueSpecification\",\"valueRequired\":true,\"valueName\":\"search_term_string\"}}],\"inLanguage\":\"de\"},{\"@type\":\"Organization\",\"@id\":\"https:\\\/\\\/whiskycenter.com\\\/de\\\/#organization\",\"name\":\"Whisky Center\",\"alternateName\":\"whiskycenter.com\",\"url\":\"https:\\\/\\\/whiskycenter.com\\\/de\\\/\",\"logo\":{\"@type\":\"ImageObject\",\"inLanguage\":\"de\",\"@id\":\"https:\\\/\\\/whiskycenter.com\\\/de\\\/#\\\/schema\\\/logo\\\/image\\\/\",\"url\":\"https:\\\/\\\/whiskycenter.com\\\/wp-content\\\/uploads\\\/2025\\\/01\\\/WhiskyCenterRoundColour_-1-2-e1744803331524.jpg\",\"contentUrl\":\"https:\\\/\\\/whiskycenter.com\\\/wp-content\\\/uploads\\\/2025\\\/01\\\/WhiskyCenterRoundColour_-1-2-e1744803331524.jpg\",\"width\":150,\"height\":150,\"caption\":\"Whisky Center\"},\"image\":{\"@id\":\"https:\\\/\\\/whiskycenter.com\\\/de\\\/#\\\/schema\\\/logo\\\/image\\\/\"},\"sameAs\":[\"https:\\\/\\\/www.facebook.com\\\/whiskycenter\\\/\",\"https:\\\/\\\/x.com\\\/whiskycenter\",\"https:\\\/\\\/www.instagram.com\\\/whiskycenter\\\/\",\"https:\\\/\\\/www.youtube.com\\\/@WhiskyCenter\"],\"description\":\"Premium Whiskies from Around the World About us at Whisky Center, we engage in the purchase and sale of Whisky. For many decades, we\u2019ve been relishing whisk(e)y, procuring, pouring, tasting, consuming, and amassing whiskies from every corner of the globe - as far as the eye can see - for both you and us. We extend an invitation for you to accompany us on this unending journey.\",\"email\":\"info@whiskycenter.com\",\"telephone\":\"0621695497\",\"legalName\":\"Keyservice B.V.\",\"foundingDate\":\"2020-01-01\",\"vatID\":\"NL813564992B01\",\"taxID\":\"813564992\",\"numberOfEmployees\":{\"@type\":\"QuantitativeValue\",\"minValue\":\"1\",\"maxValue\":\"10\"},\"publishingPrinciples\":\"https:\\\/\\\/whiskycenter.com\\\/whisky-blog\\\/\"}]}<\/script>\n<!-- \/ Yoast SEO Premium plugin. -->","yoast_head_json":{"title":"Old Hunter\u2019s Selection 7YO Rye Whisky \u2014 7 Jahre Unterirdisch Gereift","description":"Erleben Sie Old Hunter\u2019s Selection 7YO Rye: sieben Jahre unterirdisch gereift f\u00fcr frischen Roggen, Vanille\u2011Fruchtnoten und einen eleganten, weichen Abgang.","robots":{"index":"index","follow":"follow","max-snippet":"max-snippet:-1","max-image-preview":"max-image-preview:large","max-video-preview":"max-video-preview:-1"},"canonical":"https:\/\/whiskycenter.com\/de\/produkt\/old-hunters-selection-7yo-rye-whisky\/","og_locale":"de_DE","og_type":"article","og_title":"Old Hunter's Selection 7YO Rye Whisky - Whisky Center","og_description":"Erleben Sie Old Hunter\u2019s Selection 7YO Rye: sieben Jahre unterirdisch gereift f\u00fcr frischen Roggen, Vanille\u2011Fruchtnoten und einen eleganten, weichen Abgang.","og_url":"https:\/\/whiskycenter.com\/de\/produkt\/old-hunters-selection-7yo-rye-whisky\/","og_site_name":"Whisky Center","article_publisher":"https:\/\/www.facebook.com\/whiskycenter\/","article_modified_time":"2025-10-28T21:08:24+00:00","og_image":[{"width":400,"height":400,"url":"https:\/\/i0.wp.com\/whiskycenter.com\/wp-content\/uploads\/2023\/02\/Old-Hunters-Selection-7YO-Rye-Whisky-400x400-1.png?fit=400%2C400&ssl=1","type":"image\/png"}],"twitter_card":"summary_large_image","twitter_site":"@whiskycenter","schema":{"@context":"https:\/\/schema.org","@graph":[{"@type":["WebPage","ItemPage"],"@id":"https:\/\/whiskycenter.com\/de\/produkt\/old-hunters-selection-7yo-rye-whisky\/","url":"https:\/\/whiskycenter.com\/de\/produkt\/old-hunters-selection-7yo-rye-whisky\/","name":"Old Hunter\u2019s Selection 7YO Rye Whisky \u2014 7 Jahre Unterirdisch Gereift","isPartOf":{"@id":"https:\/\/whiskycenter.com\/de\/#website"},"primaryImageOfPage":{"@id":"https:\/\/whiskycenter.com\/de\/produkt\/old-hunters-selection-7yo-rye-whisky\/#primaryimage"},"image":{"@id":"https:\/\/whiskycenter.com\/de\/produkt\/old-hunters-selection-7yo-rye-whisky\/#primaryimage"},"thumbnailUrl":"https:\/\/whiskycenter.com\/wp-content\/uploads\/2023\/02\/Old-Hunters-Selection-7YO-Rye-Whisky-400x400-1.png","datePublished":"2023-02-17T18:53:38+00:00","dateModified":"2025-10-28T21:08:24+00:00","description":"Erleben Sie Old Hunter\u2019s Selection 7YO Rye: sieben Jahre unterirdisch gereift f\u00fcr frischen Roggen, Vanille\u2011Fruchtnoten und einen eleganten, weichen Abgang.","breadcrumb":{"@id":"https:\/\/whiskycenter.com\/de\/produkt\/old-hunters-selection-7yo-rye-whisky\/#breadcrumb"},"inLanguage":"de","potentialAction":[{"@type":"ReadAction","target":["https:\/\/whiskycenter.com\/de\/produkt\/old-hunters-selection-7yo-rye-whisky\/"]}]},{"@type":"ImageObject","inLanguage":"de","@id":"https:\/\/whiskycenter.com\/de\/produkt\/old-hunters-selection-7yo-rye-whisky\/#primaryimage","url":"https:\/\/whiskycenter.com\/wp-content\/uploads\/2023\/02\/Old-Hunters-Selection-7YO-Rye-Whisky-400x400-1.png","contentUrl":"https:\/\/whiskycenter.com\/wp-content\/uploads\/2023\/02\/Old-Hunters-Selection-7YO-Rye-Whisky-400x400-1.png","width":400,"height":400,"caption":"Old Hunter's Selection 7YO Rye Whisky - Whisky Center"},{"@type":"BreadcrumbList","@id":"https:\/\/whiskycenter.com\/de\/produkt\/old-hunters-selection-7yo-rye-whisky\/#breadcrumb","itemListElement":[{"@type":"ListItem","position":1,"name":"Homepage","item":"https:\/\/whiskycenter.com\/de\/whisky-center-ihr-online-shop-fuer-premium-whiskys-aus-aller-welt\/"},{"@type":"ListItem","position":2,"name":"webshop | Whisky Center","item":"https:\/\/whiskycenter.com\/webshop-whisky-center\/"},{"@type":"ListItem","position":3,"name":"Old Hunter&#8217;s Selection 7YO Rye Whisky"}]},{"@type":"WebSite","@id":"https:\/\/whiskycenter.com\/de\/#website","url":"https:\/\/whiskycenter.com\/de\/","name":"Whisky Center","description":"Welcome to Whisky Center","publisher":{"@id":"https:\/\/whiskycenter.com\/de\/#organization"},"alternateName":"Whiskycenter.com","potentialAction":[{"@type":"SearchAction","target":{"@type":"EntryPoint","urlTemplate":"https:\/\/whiskycenter.com\/de\/?s={search_term_string}"},"query-input":{"@type":"PropertyValueSpecification","valueRequired":true,"valueName":"search_term_string"}}],"inLanguage":"de"},{"@type":"Organization","@id":"https:\/\/whiskycenter.com\/de\/#organization","name":"Whisky Center","alternateName":"whiskycenter.com","url":"https:\/\/whiskycenter.com\/de\/","logo":{"@type":"ImageObject","inLanguage":"de","@id":"https:\/\/whiskycenter.com\/de\/#\/schema\/logo\/image\/","url":"https:\/\/whiskycenter.com\/wp-content\/uploads\/2025\/01\/WhiskyCenterRoundColour_-1-2-e1744803331524.jpg","contentUrl":"https:\/\/whiskycenter.com\/wp-content\/uploads\/2025\/01\/WhiskyCenterRoundColour_-1-2-e1744803331524.jpg","width":150,"height":150,"caption":"Whisky Center"},"image":{"@id":"https:\/\/whiskycenter.com\/de\/#\/schema\/logo\/image\/"},"sameAs":["https:\/\/www.facebook.com\/whiskycenter\/","https:\/\/x.com\/whiskycenter","https:\/\/www.instagram.com\/whiskycenter\/","https:\/\/www.youtube.com\/@WhiskyCenter"],"description":"Premium Whiskies from Around the World About us at Whisky Center, we engage in the purchase and sale of Whisky. For many decades, we\u2019ve been relishing whisk(e)y, procuring, pouring, tasting, consuming, and amassing whiskies from every corner of the globe - as far as the eye can see - for both you and us. We extend an invitation for you to accompany us on this unending journey.","email":"info@whiskycenter.com","telephone":"0621695497","legalName":"Keyservice B.V.","foundingDate":"2020-01-01","vatID":"NL813564992B01","taxID":"813564992","numberOfEmployees":{"@type":"QuantitativeValue","minValue":"1","maxValue":"10"},"publishingPrinciples":"https:\/\/whiskycenter.com\/whisky-blog\/"}]}},"_links":{"self":[{"href":"https:\/\/whiskycenter.com\/de\/wp-json\/wp\/v2\/product\/75089","targetHints":{"allow":["GET"]}}],"collection":[{"href":"https:\/\/whiskycenter.com\/de\/wp-json\/wp\/v2\/product"}],"about":[{"href":"https:\/\/whiskycenter.com\/de\/wp-json\/wp\/v2\/types\/product"}],"replies":[{"embeddable":true,"href":"https:\/\/whiskycenter.com\/de\/wp-json\/wp\/v2\/comments?post=75089"}],"wp:featuredmedia":[{"embeddable":true,"href":"https:\/\/whiskycenter.com\/de\/wp-json\/wp\/v2\/media\/65355"}],"wp:attachment":[{"href":"https:\/\/whiskycenter.com\/de\/wp-json\/wp\/v2\/media?parent=75089"}],"wp:term":[{"taxonomy":"wpc-attribute-group","embeddable":true,"href":"https:\/\/whiskycenter.com\/de\/wp-json\/wp\/v2\/wpc-attribute-group?post=75089"},{"taxonomy":"product_brand","embeddable":true,"href":"https:\/\/whiskycenter.com\/de\/wp-json\/wp\/v2\/product_brand?post=75089"},{"taxonomy":"product_cat","embeddable":true,"href":"https:\/\/whiskycenter.com\/de\/wp-json\/wp\/v2\/product_cat?post=75089"},{"taxonomy":"product_tag","embeddable":true,"href":"https:\/\/whiskycenter.com\/de\/wp-json\/wp\/v2\/product_tag?post=75089"},{"taxonomy":"berocket_brand","embeddable":true,"href":"https:\/\/whiskycenter.com\/de\/wp-json\/wp\/v2\/berocket_brand?post=75089"}],"curies":[{"name":"wp","href":"https:\/\/api.w.org\/{rel}","templated":true}]}}